{"id":987499208,"date":"2025-03-08T22:26:25","date_gmt":"2025-03-08T21:26:25","guid":{"rendered":"http:\/\/stage2024.harzdrenalin.de\/?page_id=987499208"},"modified":"2025-05-30T10:36:12","modified_gmt":"2025-05-30T08:36:12","slug":"warum-harzdrenalin","status":"publish","type":"page","link":"https:\/\/harzdrenalin.de\/en\/warum-harzdrenalin\/","title":{"rendered":"Why Harzdrenalin"},"content":{"rendered":"<p>[et_pb_section fb_built=&#8220;1&#8243; _builder_version=&#8220;4.27.4&#8243; _module_preset=&#8220;default&#8220; custom_padding=&#8220;||0px||false|false&#8220; global_colors_info=&#8220;{}&#8220;][et_pb_row _builder_version=&#8220;4.27.4&#8243; _module_preset=&#8220;default&#8220; background_image=&#8220;https:\/\/harzdrenalin.de\/wp-content\/uploads\/2025\/05\/Warum-Harzdrenalin.jpg&#8220; height=&#8220;550px&#8220; hover_enabled=&#8220;0&#8243; global_colors_info=&#8220;{}&#8220; title_text=&#8220;Warum Harzdrenalin&#8220; sticky_enabled=&#8220;0&#8243;][et_pb_column type=&#8220;4_4&#8243; _builder_version=&#8220;4.27.4&#8243; _module_preset=&#8220;default&#8220; global_colors_info=&#8220;{}&#8220;][\/et_pb_column][\/et_pb_row][et_pb_row column_structure=&#8220;3_5,2_5&#8243; _builder_version=&#8220;4.27.4&#8243; _module_preset=&#8220;default&#8220; transform_translate=&#8220;0px|-150px&#8220; transform_translate_linked=&#8220;off&#8220; width=&#8220;85%&#8220; max_width=&#8220;1260px&#8220; custom_margin=&#8220;||||false|false&#8220; custom_padding=&#8220;0px||0px||false|false&#8220; border_color_right=&#8220;#CE0F68&#8243; global_colors_info=&#8220;{}&#8220;][et_pb_column type=&#8220;3_5&#8243; _builder_version=&#8220;4.27.4&#8243; _module_preset=&#8220;default&#8220; background_color=&#8220;rgba(206,15,104,0.95)&#8220; custom_padding=&#8220;15px|15px|15px|50px|true|false&#8220; animation_style=&#8220;slide&#8220; animation_direction=&#8220;bottom&#8220; border_width_right=&#8220;20px&#8220; border_color_right=&#8220;rgba(61,82,20,0.95)&#8220; global_colors_info=&#8220;{}&#8220;][et_pb_text _builder_version=&#8220;4.27.4&#8243; text_font=&#8220;|800|||||||&#8220; text_text_color=&#8220;rgba(255,255,255,0.5)&#8220; text_font_size=&#8220;16px&#8220; text_line_height=&#8220;1.8em&#8220; header_font=&#8220;Futura Condensed Bold Obl|700||on|||||&#8220; header_font_size=&#8220;60px&#8220; header_line_height=&#8220;1.4em&#8220; header_3_font=&#8220;Montserrat|700||on|||||&#8220; header_3_text_color=&#8220;#f9002b&#8220; header_3_font_size=&#8220;16px&#8220; header_3_letter_spacing=&#8220;2px&#8220; header_3_line_height=&#8220;1.4em&#8220; background_layout=&#8220;dark&#8220; header_font_size_tablet=&#8220;50px&#8220; header_font_size_phone=&#8220;40px&#8220; header_font_size_last_edited=&#8220;on|phone&#8220; header_3_font_size_tablet=&#8220;14px&#8220; header_3_font_size_phone=&#8220;&#8220; header_3_font_size_last_edited=&#8220;on|phone&#8220; text_text_align=&#8220;left&#8220; locked=&#8220;off&#8220; global_colors_info=&#8220;{}&#8220;]<\/p>\n<h1 class=\"teaser-and-infobox-header\">Da Arbeiten, wo andere Urlaub machen!<\/h1>\n<p>[\/et_pb_text][\/et_pb_column][et_pb_column type=&#8220;2_5&#8243; _builder_version=&#8220;4.27.4&#8243; _module_preset=&#8220;default&#8220; global_colors_info=&#8220;{}&#8220;][\/et_pb_column][\/et_pb_row][\/et_pb_section][et_pb_section fb_built=&#8220;1&#8243; admin_label=&#8220;Feature&#8220; _builder_version=&#8220;4.16&#8243; background_color=&#8220;#000000&#8243; locked=&#8220;off&#8220; global_colors_info=&#8220;{}&#8220;][et_pb_row column_structure=&#8220;3_5,2_5&#8243; _builder_version=&#8220;4.27.4&#8243; custom_padding=&#8220;||0px|||&#8220; global_colors_info=&#8220;{}&#8220;][et_pb_column type=&#8220;3_5&#8243; _builder_version=&#8220;4.16&#8243; global_colors_info=&#8220;{}&#8220;][df_adh_heading title_prefix=&#8220;Warum Harzdrenalin? \u2026 warum nicht?! &#8220; use_divider=&#8220;on&#8220; divider_color=&#8220;#ce0f68&#8243; divider_height=&#8220;3px&#8220; divider_width=&#8220;30%&#8220; divider_alignment=&#8220;left&#8220; _builder_version=&#8220;4.27.4&#8243; _module_preset=&#8220;default&#8220; title_level=&#8220;h2&#8243; title_font=&#8220;&#8211;et_global_heading_font|600||on|||||&#8220; title_text_align=&#8220;left&#8220; title_text_color=&#8220;#FFFFFF&#8220; title_font_size=&#8220;60px&#8220; title_line_height=&#8220;1.2em&#8220; width_tablet=&#8220;38%&#8220; width_phone=&#8220;100%&#8220; width_last_edited=&#8220;off|desktop&#8220; animation_style=&#8220;slide&#8220; animation_direction=&#8220;left&#8220; title_font_size_tablet=&#8220;50px&#8220; title_font_size_phone=&#8220;40px&#8220; title_font_size_last_edited=&#8220;on|phone&#8220; locked=&#8220;off&#8220; global_colors_info=&#8220;{}&#8220;][\/df_adh_heading][\/et_pb_column][et_pb_column type=&#8220;2_5&#8243; _builder_version=&#8220;4.16&#8243; custom_padding=&#8220;100px||||false|false&#8220; custom_padding_tablet=&#8220;0px||||false|false&#8220; custom_padding_phone=&#8220;&#8220; custom_padding_last_edited=&#8220;on|phone&#8220; global_colors_info=&#8220;{}&#8220;][\/et_pb_column][\/et_pb_row][et_pb_row column_structure=&#8220;1_4,3_4&#8243; _builder_version=&#8220;4.27.4&#8243; _module_preset=&#8220;default&#8220; global_colors_info=&#8220;{}&#8220;][et_pb_column type=&#8220;1_4&#8243; _builder_version=&#8220;4.27.4&#8243; _module_preset=&#8220;default&#8220; global_colors_info=&#8220;{}&#8220;][\/et_pb_column][et_pb_column type=&#8220;3_4&#8243; _builder_version=&#8220;4.27.4&#8243; _module_preset=&#8220;default&#8220; global_colors_info=&#8220;{}&#8220;][et_pb_text _builder_version=&#8220;4.27.4&#8243; _module_preset=&#8220;default&#8220; text_font=&#8220;Futura Condensed||||||||&#8220; text_text_color=&#8220;#FFFFFF&#8220; text_font_size=&#8220;24px&#8220; width_tablet=&#8220;38%&#8220; width_phone=&#8220;100%&#8220; width_last_edited=&#8220;off|desktop&#8220; custom_padding=&#8220;||||false|false&#8220; animation_style=&#8220;fade&#8220; animation_duration=&#8220;1100ms&#8220; global_colors_info=&#8220;{}&#8220;]<\/p>\n<p>Wir sind genau die Richtigen, wenn du ein Kontrastprogramm zu deinem bisherigen Arbeitsalltag suchst.<\/p>\n<p>Ein Gro\u00dfteil unseres Teams sind Quereinsteiger. Du erh\u00e4ltst bei uns eine spezifisch, individuelle Ausbildung, welche von externen Pr\u00fcfern zertifiziert wird. Egal aus welcher Branche du kommst &#8211; bei uns im Team gilt ein faires Miteinander auf Augenh\u00f6he.<\/p>\n<p>[\/et_pb_text][\/et_pb_column][\/et_pb_row][et_pb_row column_structure=&#8220;1_3,1_3,1_3&#8243; _builder_version=&#8220;4.27.4&#8243; custom_padding=&#8220;0px||0px||false|false&#8220; global_colors_info=&#8220;{}&#8220;][et_pb_column type=&#8220;1_3&#8243; _builder_version=&#8220;4.27.4&#8243; _module_preset=&#8220;default&#8220; custom_css_main_element=&#8220;width: 23% !important;||&#8220; global_colors_info=&#8220;{}&#8220;][\/et_pb_column][et_pb_column type=&#8220;1_3&#8243; _builder_version=&#8220;4.16&#8243; custom_padding=&#8220;100px||||false|false&#8220; custom_padding_tablet=&#8220;0px||||false|false&#8220; custom_padding_phone=&#8220;&#8220; custom_padding_last_edited=&#8220;on|phone&#8220; global_colors_info=&#8220;{}&#8220;][et_pb_image src=&#8220;https:\/\/harzdrenalin.de\/wp-content\/uploads\/2025\/05\/Arbeitsplatz-bei-Harzdrenalin.jpg&#8220; title_text=&#8220;Arbeitsplatz bei Harzdrenalin&#8220; align=&#8220;right&#8220; _builder_version=&#8220;4.27.4&#8243; width_tablet=&#8220;&#8220; width_phone=&#8220;&#8220; width_last_edited=&#8220;on|phone&#8220; max_width_phone=&#8220;150px&#8220; max_width_last_edited=&#8220;off|tablet&#8220; filter_brightness=&#8220;70%&#8220; hover_enabled=&#8220;0&#8243; locked=&#8220;off&#8220; global_colors_info=&#8220;{}&#8220; sticky_enabled=&#8220;0&#8243;][\/et_pb_image][et_pb_image src=&#8220;https:\/\/harzdrenalin.de\/wp-content\/uploads\/2025\/05\/Teamspirit-Harzdrenalin.jpg&#8220; title_text=&#8220;Teamspirit Harzdrenalin&#8220; _builder_version=&#8220;4.27.4&#8243; width_tablet=&#8220;&#8220; width_phone=&#8220;&#8220; width_last_edited=&#8220;on|tablet&#8220; max_width_phone=&#8220;150px&#8220; max_width_last_edited=&#8220;off|tablet&#8220; custom_margin=&#8220;50px||||false|false&#8220; custom_margin_tablet=&#8220;0px||||false|false&#8220; custom_margin_phone=&#8220;&#8220; custom_margin_last_edited=&#8220;on|tablet&#8220; filter_brightness=&#8220;70%&#8220; hover_enabled=&#8220;0&#8243; locked=&#8220;off&#8220; global_colors_info=&#8220;{}&#8220; sticky_enabled=&#8220;0&#8243;][\/et_pb_image][\/et_pb_column][et_pb_column type=&#8220;1_3&#8243; _builder_version=&#8220;4.16&#8243; custom_padding=&#8220;100px||||false|false&#8220; custom_padding_tablet=&#8220;0px||||false|false&#8220; custom_padding_phone=&#8220;&#8220; custom_padding_last_edited=&#8220;on|desktop&#8220; global_colors_info=&#8220;{}&#8220;][difl_advanced_button button_text=&#8220;Jetzt bewerben&#8220; button_icon=&#8220;&#x39;||divi||400&#8243; button_link_url=&#8220;https:\/\/harzdrenalin.de\/stellenangebote#bewerben&#8220; icon_color=&#8220;#CE0F68&#8243; button_icon_size=&#8220;26px&#8220; button_alignment=&#8220;left&#8220; button_content_alignment=&#8220;left&#8220; border_hover_effects=&#8220;dfab_border_outline_1&#8243; border_hover_color=&#8220;#CE0F68&#8243; _builder_version=&#8220;4.27.4&#8243; _module_preset=&#8220;default&#8220; button_text_font=&#8220;Futura Condensed Bold Obl|||on|||||&#8220; button_text_text_color=&#8220;#FFFFFF&#8220; button_text_font_size=&#8220;18px&#8220; custom_padding=&#8220;10px|20px|10px|20px|true|true&#8220; button_text_font_size_tablet=&#8220;16px&#8220; button_text_font_size_phone=&#8220;&#8220; button_text_font_size_last_edited=&#8220;on|desktop&#8220; border_radii=&#8220;on|0px|0px|0px|0px&#8220; border_width_all=&#8220;0px&#8220; border_color_all=&#8220;#3D5214&#8243; global_colors_info=&#8220;{}&#8220; preview_btn__hover_enabled=&#8220;off|desktop&#8220; border_color_all__hover_enabled=&#8220;off|desktop&#8220; border_color_all__hover=&#8220;#CE0F68&#8243; border_width_all__hover_enabled=&#8220;off|desktop&#8220; border_width_all__hover=&#8220;0px&#8220;][\/difl_advanced_button][et_pb_image src=&#8220;https:\/\/harzdrenalin.de\/wp-content\/uploads\/2025\/05\/Karriere-im-Harz.jpg&#8220; title_text=&#8220;Karriere im Harz&#8220; align=&#8220;right&#8220; _builder_version=&#8220;4.27.4&#8243; width=&#8220;120%&#8220; width_tablet=&#8220;&#8220; width_phone=&#8220;&#8220; width_last_edited=&#8220;on|tablet&#8220; max_width_phone=&#8220;150px&#8220; max_width_last_edited=&#8220;off|tablet&#8220; custom_margin=&#8220;150px|-150px|||false|false&#8220; custom_margin_tablet=&#8220;0px|0px|||false|false&#8220; custom_margin_phone=&#8220;&#8220; custom_margin_last_edited=&#8220;on|tablet&#8220; filter_brightness=&#8220;70%&#8220; hover_enabled=&#8220;0&#8243; locked=&#8220;off&#8220; global_colors_info=&#8220;{}&#8220; sticky_enabled=&#8220;0&#8243;][\/et_pb_image][\/et_pb_column][\/et_pb_row][\/et_pb_section]<\/p>\n","protected":false},"excerpt":{"rendered":"<p>Da Arbeiten, wo andere Urlaub machen!<div class=\"et_pb_module df_adh_heading df_adh_heading_0 et_animated\">\n\t\t\t\t\n\t\t\t\t\n\t\t\t\t\n\t\t\t\t\n\t\t\t\t\n\t\t\t\t\n\t\t\t\t<div class=\"et_pb_module_inner\">\n\t\t\t\t\t<div class=\"df-heading-container\">\r\n                \r\n                \r\n                <h2 class=\"df-heading\"><span class=\"prefix\">Warum Harzdrenalin? \u2026 warum nicht?! <\/span>  <\/h2>\r\n                <div class=\"df-heading-divider\"><div class=\"df-divider-line\"><\/div><\/div>\r\n            <\/div>\n\t\t\t\t<\/div>\n\t\t\t<\/div>Wir sind genau die Richtigen, wenn du ein Kontrastprogramm zu deinem bisherigen Arbeitsalltag suchst. Ein Gro\u00dfteil unseres Teams sind Quereinsteiger. Du [&hellip;]<\/p>\n","protected":false},"author":1,"featured_media":0,"parent":0,"menu_order":0,"comment_status":"closed","ping_status":"closed","template":"","meta":{"_et_pb_use_builder":"on","_et_pb_old_content":"","_et_gb_content_width":"","footnotes":""},"difl_page_category":[],"class_list":["post-987499208","page","type-page","status-publish","hentry"],"yoast_head":"<!-- This site is optimized with the Yoast SEO plugin v27.3 - https:\/\/yoast.com\/product\/yoast-seo-wordpress\/ -->\n<title>Karriere bei HARZDRENALIN starten | HARZDRENALIN<\/title>\n<meta name=\"description\" content=\"Werde Teil unseres Teams: Entdecke aktuelle Jobs, Azubi-Pl\u00e4tze und Chancen f\u00fcr deinen Weg im Abenteuerbusiness.\" \/>\n<meta name=\"robots\" content=\"index, follow, max-snippet:-1, max-image-preview:large, max-video-preview:-1\" \/>\n<link rel=\"canonical\" href=\"https:\/\/harzdrenalin.de\/en\/warum-harzdrenalin\/\" \/>\n<meta property=\"og:locale\" content=\"en_GB\" \/>\n<meta property=\"og:type\" content=\"article\" \/>\n<meta property=\"og:title\" content=\"Karriere bei HARZDRENALIN starten | HARZDRENALIN\" \/>\n<meta property=\"og:description\" content=\"Werde Teil unseres Teams: Entdecke aktuelle Jobs, Azubi-Pl\u00e4tze und Chancen f\u00fcr deinen Weg im Abenteuerbusiness.\" \/>\n<meta property=\"og:url\" content=\"https:\/\/harzdrenalin.de\/en\/warum-harzdrenalin\/\" \/>\n<meta property=\"og:site_name\" content=\"harzdrenalin.de\" \/>\n<meta property=\"article:modified_time\" content=\"2025-05-30T08:36:12+00:00\" \/>\n<meta property=\"og:image\" content=\"https:\/\/harzdrenalin.de\/wp-content\/uploads\/2025\/04\/Ultrashot-schwerelos.jpg\" \/>\n\t<meta property=\"og:image:width\" content=\"1500\" \/>\n\t<meta property=\"og:image:height\" content=\"1000\" \/>\n\t<meta property=\"og:image:type\" content=\"image\/jpeg\" \/>\n<meta name=\"twitter:card\" content=\"summary_large_image\" \/>\n<meta name=\"twitter:label1\" content=\"Estimated reading time\" \/>\n\t<meta name=\"twitter:data1\" content=\"5 minutes\" \/>\n<script type=\"application\/ld+json\" class=\"yoast-schema-graph\">{\"@context\":\"https:\\\/\\\/schema.org\",\"@graph\":[{\"@type\":\"WebPage\",\"@id\":\"https:\\\/\\\/harzdrenalin.de\\\/warum-harzdrenalin\\\/\",\"url\":\"https:\\\/\\\/harzdrenalin.de\\\/warum-harzdrenalin\\\/\",\"name\":\"Karriere bei HARZDRENALIN starten | HARZDRENALIN\",\"isPartOf\":{\"@id\":\"https:\\\/\\\/harzdrenalin.de\\\/#website\"},\"datePublished\":\"2025-03-08T21:26:25+00:00\",\"dateModified\":\"2025-05-30T08:36:12+00:00\",\"description\":\"Werde Teil unseres Teams: Entdecke aktuelle Jobs, Azubi-Pl\u00e4tze und Chancen f\u00fcr deinen Weg im Abenteuerbusiness.\",\"breadcrumb\":{\"@id\":\"https:\\\/\\\/harzdrenalin.de\\\/warum-harzdrenalin\\\/#breadcrumb\"},\"inLanguage\":\"en-GB\",\"potentialAction\":[{\"@type\":\"ReadAction\",\"target\":[\"https:\\\/\\\/harzdrenalin.de\\\/warum-harzdrenalin\\\/\"]}]},{\"@type\":\"BreadcrumbList\",\"@id\":\"https:\\\/\\\/harzdrenalin.de\\\/warum-harzdrenalin\\\/#breadcrumb\",\"itemListElement\":[{\"@type\":\"ListItem\",\"position\":1,\"name\":\"Startseite\",\"item\":\"https:\\\/\\\/harzdrenalin.de\\\/\"},{\"@type\":\"ListItem\",\"position\":2,\"name\":\"Warum Harzdrenalin\"}]},{\"@type\":\"WebSite\",\"@id\":\"https:\\\/\\\/harzdrenalin.de\\\/#website\",\"url\":\"https:\\\/\\\/harzdrenalin.de\\\/\",\"name\":\"Harzdrenalin - Dein Kontrastprogramm\",\"description\":\"\",\"publisher\":{\"@id\":\"https:\\\/\\\/harzdrenalin.de\\\/#organization\"},\"potentialAction\":[{\"@type\":\"SearchAction\",\"target\":{\"@type\":\"EntryPoint\",\"urlTemplate\":\"https:\\\/\\\/harzdrenalin.de\\\/?s={search_term_string}\"},\"query-input\":{\"@type\":\"PropertyValueSpecification\",\"valueRequired\":true,\"valueName\":\"search_term_string\"}}],\"inLanguage\":\"en-GB\"},{\"@type\":\"Organization\",\"@id\":\"https:\\\/\\\/harzdrenalin.de\\\/#organization\",\"name\":\"Harzdrenalin\",\"url\":\"https:\\\/\\\/harzdrenalin.de\\\/\",\"logo\":{\"@type\":\"ImageObject\",\"inLanguage\":\"en-GB\",\"@id\":\"https:\\\/\\\/harzdrenalin.de\\\/#\\\/schema\\\/logo\\\/image\\\/\",\"url\":\"https:\\\/\\\/harzdrenalin.de\\\/wp-content\\\/uploads\\\/2025\\\/02\\\/Logo.png\",\"contentUrl\":\"https:\\\/\\\/harzdrenalin.de\\\/wp-content\\\/uploads\\\/2025\\\/02\\\/Logo.png\",\"width\":300,\"height\":207,\"caption\":\"Harzdrenalin\"},\"image\":{\"@id\":\"https:\\\/\\\/harzdrenalin.de\\\/#\\\/schema\\\/logo\\\/image\\\/\"}}]}<\/script>\n<!-- \/ Yoast SEO plugin. -->","yoast_head_json":{"title":"Karriere bei HARZDRENALIN starten | HARZDRENALIN","description":"Werde Teil unseres Teams: Entdecke aktuelle Jobs, Azubi-Pl\u00e4tze und Chancen f\u00fcr deinen Weg im Abenteuerbusiness.","robots":{"index":"index","follow":"follow","max-snippet":"max-snippet:-1","max-image-preview":"max-image-preview:large","max-video-preview":"max-video-preview:-1"},"canonical":"https:\/\/harzdrenalin.de\/en\/warum-harzdrenalin\/","og_locale":"en_GB","og_type":"article","og_title":"Karriere bei HARZDRENALIN starten | HARZDRENALIN","og_description":"Werde Teil unseres Teams: Entdecke aktuelle Jobs, Azubi-Pl\u00e4tze und Chancen f\u00fcr deinen Weg im Abenteuerbusiness.","og_url":"https:\/\/harzdrenalin.de\/en\/warum-harzdrenalin\/","og_site_name":"harzdrenalin.de","article_modified_time":"2025-05-30T08:36:12+00:00","og_image":[{"width":1500,"height":1000,"url":"https:\/\/harzdrenalin.de\/wp-content\/uploads\/2025\/04\/Ultrashot-schwerelos.jpg","type":"image\/jpeg"}],"twitter_card":"summary_large_image","twitter_misc":{"Estimated reading time":"5 minutes"},"schema":{"@context":"https:\/\/schema.org","@graph":[{"@type":"WebPage","@id":"https:\/\/harzdrenalin.de\/warum-harzdrenalin\/","url":"https:\/\/harzdrenalin.de\/warum-harzdrenalin\/","name":"Karriere bei HARZDRENALIN starten | HARZDRENALIN","isPartOf":{"@id":"https:\/\/harzdrenalin.de\/#website"},"datePublished":"2025-03-08T21:26:25+00:00","dateModified":"2025-05-30T08:36:12+00:00","description":"Werde Teil unseres Teams: Entdecke aktuelle Jobs, Azubi-Pl\u00e4tze und Chancen f\u00fcr deinen Weg im Abenteuerbusiness.","breadcrumb":{"@id":"https:\/\/harzdrenalin.de\/warum-harzdrenalin\/#breadcrumb"},"inLanguage":"en-GB","potentialAction":[{"@type":"ReadAction","target":["https:\/\/harzdrenalin.de\/warum-harzdrenalin\/"]}]},{"@type":"BreadcrumbList","@id":"https:\/\/harzdrenalin.de\/warum-harzdrenalin\/#breadcrumb","itemListElement":[{"@type":"ListItem","position":1,"name":"Startseite","item":"https:\/\/harzdrenalin.de\/"},{"@type":"ListItem","position":2,"name":"Warum Harzdrenalin"}]},{"@type":"WebSite","@id":"https:\/\/harzdrenalin.de\/#website","url":"https:\/\/harzdrenalin.de\/","name":"Harzdrenalin - Dein Kontrastprogramm","description":"","publisher":{"@id":"https:\/\/harzdrenalin.de\/#organization"},"potentialAction":[{"@type":"SearchAction","target":{"@type":"EntryPoint","urlTemplate":"https:\/\/harzdrenalin.de\/?s={search_term_string}"},"query-input":{"@type":"PropertyValueSpecification","valueRequired":true,"valueName":"search_term_string"}}],"inLanguage":"en-GB"},{"@type":"Organization","@id":"https:\/\/harzdrenalin.de\/#organization","name":"Harzdrenalin","url":"https:\/\/harzdrenalin.de\/","logo":{"@type":"ImageObject","inLanguage":"en-GB","@id":"https:\/\/harzdrenalin.de\/#\/schema\/logo\/image\/","url":"https:\/\/harzdrenalin.de\/wp-content\/uploads\/2025\/02\/Logo.png","contentUrl":"https:\/\/harzdrenalin.de\/wp-content\/uploads\/2025\/02\/Logo.png","width":300,"height":207,"caption":"Harzdrenalin"},"image":{"@id":"https:\/\/harzdrenalin.de\/#\/schema\/logo\/image\/"}}]}},"_links":{"self":[{"href":"https:\/\/harzdrenalin.de\/en\/wp-json\/wp\/v2\/pages\/987499208","targetHints":{"allow":["GET"]}}],"collection":[{"href":"https:\/\/harzdrenalin.de\/en\/wp-json\/wp\/v2\/pages"}],"about":[{"href":"https:\/\/harzdrenalin.de\/en\/wp-json\/wp\/v2\/types\/page"}],"author":[{"embeddable":true,"href":"https:\/\/harzdrenalin.de\/en\/wp-json\/wp\/v2\/users\/1"}],"replies":[{"embeddable":true,"href":"https:\/\/harzdrenalin.de\/en\/wp-json\/wp\/v2\/comments?post=987499208"}],"version-history":[{"count":9,"href":"https:\/\/harzdrenalin.de\/en\/wp-json\/wp\/v2\/pages\/987499208\/revisions"}],"predecessor-version":[{"id":987500572,"href":"https:\/\/harzdrenalin.de\/en\/wp-json\/wp\/v2\/pages\/987499208\/revisions\/987500572"}],"wp:attachment":[{"href":"https:\/\/harzdrenalin.de\/en\/wp-json\/wp\/v2\/media?parent=987499208"}],"wp:term":[{"taxonomy":"difl_page_category","embeddable":true,"href":"https:\/\/harzdrenalin.de\/en\/wp-json\/wp\/v2\/difl_page_category?post=987499208"}],"curies":[{"name":"wp","href":"https:\/\/api.w.org\/{rel}","templated":true}]}}