{"id":987499252,"date":"2025-03-09T08:28:06","date_gmt":"2025-03-09T07:28:06","guid":{"rendered":"http:\/\/stage2024.harzdrenalin.de\/?page_id=987499252"},"modified":"2026-04-13T18:09:21","modified_gmt":"2026-04-13T16:09:21","slug":"wetter-und-anlagen","status":"publish","type":"page","link":"https:\/\/harzdrenalin.de\/en\/wetter-und-anlagen\/","title":{"rendered":"Weather and facilities"},"content":{"rendered":"<p>[et_pb_section fb_built=&#8220;1&#8243; _builder_version=&#8220;4.27.4&#8243; _module_preset=&#8220;default&#8220; use_background_color_gradient=&#8220;on&#8220; background_color_gradient_type=&#8220;circular&#8220; background_color_gradient_stops=&#8220;rgba(0,0,0,0.5) 0%|rgba(0,0,0,0.5) 49%&#8220; background_color_gradient_overlays_image=&#8220;on&#8220; background_image=&#8220;https:\/\/harzdrenalin.de\/wp-content\/uploads\/2025\/05\/Wetter-und-Anlagen-Header.jpg&#8220; custom_padding=&#8220;200px||200px||true|false&#8220; global_colors_info=&#8220;{}&#8220;][et_pb_row _builder_version=&#8220;4.27.4&#8243; _module_preset=&#8220;default&#8220; global_colors_info=&#8220;{}&#8220;][et_pb_column type=&#8220;4_4&#8243; _builder_version=&#8220;4.27.4&#8243; _module_preset=&#8220;default&#8220; global_colors_info=&#8220;{}&#8220;][et_pb_text _builder_version=&#8220;4.27.4&#8243; text_font=&#8220;|800|||||||&#8220; text_text_color=&#8220;rgba(255,255,255,0.5)&#8220; text_font_size=&#8220;16px&#8220; text_line_height=&#8220;1.8em&#8220; header_font=&#8220;Futura Condensed Extra Bold|700||on|||||&#8220; header_font_size=&#8220;60px&#8220; header_line_height=&#8220;1.4em&#8220; header_3_font=&#8220;Montserrat|700||on|||||&#8220; header_3_text_color=&#8220;#f9002b&#8220; header_3_font_size=&#8220;16px&#8220; header_3_letter_spacing=&#8220;2px&#8220; header_3_line_height=&#8220;1.4em&#8220; background_layout=&#8220;dark&#8220; header_font_size_tablet=&#8220;50px&#8220; header_font_size_phone=&#8220;40px&#8220; header_font_size_last_edited=&#8220;on|phone&#8220; header_3_font_size_tablet=&#8220;14px&#8220; header_3_font_size_phone=&#8220;&#8220; header_3_font_size_last_edited=&#8220;on|phone&#8220; text_text_align=&#8220;left&#8220; locked=&#8220;off&#8220; global_colors_info=&#8220;{}&#8220;]<\/p>\n<h1 class=\"teaser-and-infobox-header\" style=\"text-align: center;\"><strong>Wetter und der Status unserer Events und Anlagen<\/strong><\/h1>\n<p>[\/et_pb_text][\/et_pb_column][\/et_pb_row][\/et_pb_section][et_pb_section fb_built=&#8220;1&#8243; admin_label=&#8220;Feature&#8220; _builder_version=&#8220;4.16&#8243; background_color=&#8220;#000000&#8243; locked=&#8220;off&#8220; global_colors_info=&#8220;{}&#8220;][et_pb_row column_structure=&#8220;3_5,2_5&#8243; _builder_version=&#8220;4.27.4&#8243; _module_preset=&#8220;default&#8220; custom_padding=&#8220;||0px||false|false&#8220; global_colors_info=&#8220;{}&#8220;][et_pb_column type=&#8220;3_5&#8243; _builder_version=&#8220;4.27.4&#8243; _module_preset=&#8220;default&#8220; global_colors_info=&#8220;{}&#8220;][df_adh_heading title_prefix=&#8220;Aktuelles Wetter&#8220; use_divider=&#8220;on&#8220; divider_color=&#8220;#ce0f68&#8243; divider_height=&#8220;3px&#8220; divider_width=&#8220;30%&#8220; divider_alignment=&#8220;left&#8220; _builder_version=&#8220;4.27.4&#8243; _module_preset=&#8220;default&#8220; title_level=&#8220;h2&#8243; title_font=&#8220;&#8211;et_global_heading_font|600||on|||||&#8220; title_text_align=&#8220;left&#8220; title_text_color=&#8220;#FFFFFF&#8220; title_font_size=&#8220;60px&#8220; title_line_height=&#8220;1.2em&#8220; width_tablet=&#8220;38%&#8220; width_phone=&#8220;100%&#8220; width_last_edited=&#8220;off|desktop&#8220; animation_style=&#8220;slide&#8220; animation_direction=&#8220;left&#8220; title_font_size_tablet=&#8220;50px&#8220; title_font_size_phone=&#8220;40px&#8220; title_font_size_last_edited=&#8220;on|phone&#8220; locked=&#8220;off&#8220; global_colors_info=&#8220;{}&#8220; width__hover_enabled=&#8220;off|desktop&#8220;][\/df_adh_heading][\/et_pb_column][et_pb_column type=&#8220;2_5&#8243; _builder_version=&#8220;4.27.4&#8243; _module_preset=&#8220;default&#8220; global_colors_info=&#8220;{}&#8220;][et_pb_code _builder_version=&#8220;4.27.6&#8243; _module_preset=&#8220;default&#8220; text_orientation=&#8220;center&#8220; global_colors_info=&#8220;{}&#8220;]<a href=\"https:\/\/app.weathercloud.net\/d3575213915\"><img decoding=\"async\" src=\"https:\/\/app.weathercloud.net\/device\/sticker\/3575213915\"><\/a>[\/et_pb_code][\/et_pb_column][\/et_pb_row][\/et_pb_section][et_pb_section fb_built=&#8220;1&#8243; _builder_version=&#8220;4.27.4&#8243; _module_preset=&#8220;default&#8220; background_color=&#8220;#FFFFFF&#8220; custom_padding=&#8220;125px||125px||true|false&#8220; global_colors_info=&#8220;{}&#8220;][et_pb_row column_structure=&#8220;3_5,2_5&#8243; _builder_version=&#8220;4.27.4&#8243; _module_preset=&#8220;default&#8220; custom_padding=&#8220;||||false|false&#8220; global_colors_info=&#8220;{}&#8220;][et_pb_column type=&#8220;3_5&#8243; _builder_version=&#8220;4.27.4&#8243; _module_preset=&#8220;default&#8220; global_colors_info=&#8220;{}&#8220;][df_adh_heading title_prefix=&#8220;Aktueller Status unserer Events \/ Anlagen&#8220; use_divider=&#8220;on&#8220; divider_color=&#8220;#CE0F68&#8243; divider_height=&#8220;3px&#8220; divider_width=&#8220;30%&#8220; _builder_version=&#8220;4.27.4&#8243; _module_preset=&#8220;default&#8220; title_level=&#8220;h2&#8243; title_font=&#8220;&#8211;et_global_heading_font|600||on|||||&#8220; title_text_color=&#8220;#3D5214&#8243; title_font_size=&#8220;60px&#8220; title_line_height=&#8220;1.4em&#8220; animation_style=&#8220;slide&#8220; title_font_size_tablet=&#8220;50px&#8220; title_font_size_phone=&#8220;40px&#8220; title_font_size_last_edited=&#8220;on|phone&#8220; locked=&#8220;off&#8220; global_colors_info=&#8220;{}&#8220;][\/df_adh_heading][et_pb_text disabled_on=&#8220;on|on|on&#8220; _builder_version=&#8220;4.27.4&#8243; _module_preset=&#8220;default&#8220; text_text_color=&#8220;#000000&#8243; width_tablet=&#8220;38%&#8220; width_phone=&#8220;100%&#8220; width_last_edited=&#8220;off|desktop&#8220; custom_padding=&#8220;||||false|false&#8220; animation_style=&#8220;fade&#8220; animation_duration=&#8220;1100ms&#8220; disabled=&#8220;on&#8220; global_colors_info=&#8220;{}&#8220;]<\/p>\n<p style=\"text-align: left;\"><span>Das ist die Erkl\u00e4rung f\u00fcr die Icons. Also eine Art Legende. Die Events \/ Anlagen mit einem gr\u00fcnen Haken sind ge\u00f6ffnet. Die \u00fcbrigen sind geschlossen.\u00a0<\/span><\/p>\n<p>[\/et_pb_text][\/et_pb_column][et_pb_column type=&#8220;2_5&#8243; _builder_version=&#8220;4.27.4&#8243; _module_preset=&#8220;default&#8220; global_colors_info=&#8220;{}&#8220;][et_pb_blurb title=&#8220;Megazipline&#8220; use_icon=&#8220;on&#8220; font_icon=&#8220;&#xe052;||divi||400&#8243; icon_color=&#8220;#3D5214&#8243; icon_placement=&#8220;left&#8220; image_icon_width=&#8220;30px&#8220; admin_label=&#8220;Informationstext&#8220; _builder_version=&#8220;4.27.6&#8243; _module_preset=&#8220;default&#8220; header_level=&#8220;h3&#8243; header_font=&#8220;Futura Condensed||||||||&#8220; header_text_color=&#8220;#000000&#8243; header_font_size=&#8220;22px&#8220; custom_margin=&#8220;||5px||false|false&#8220; global_colors_info=&#8220;{}&#8220; icon_color__hover_enabled=&#8220;on|desktop&#8220; header_text_color__hover_enabled=&#8220;on|hover&#8220; header_text_color__hover=&#8220;#CE0F68&#8243; icon_color__hover=&#8220;#3D5214&#8243;][\/et_pb_blurb][et_pb_blurb title=&#8220;Wallrunning&#8220; use_icon=&#8220;on&#8220; font_icon=&#8220;&#xe052;||divi||400&#8243; icon_color=&#8220;#3D5214&#8243; icon_placement=&#8220;left&#8220; image_icon_width=&#8220;30px&#8220; _builder_version=&#8220;4.27.6&#8243; _module_preset=&#8220;default&#8220; header_level=&#8220;h3&#8243; header_font=&#8220;Futura Condensed||||||||&#8220; header_text_color=&#8220;#000000&#8243; header_font_size=&#8220;22px&#8220; custom_margin=&#8220;||5px||false|false&#8220; custom_padding=&#8220;||||false|false&#8220; global_colors_info=&#8220;{}&#8220; icon_color__hover_enabled=&#8220;on|desktop&#8220; header_text_color__hover_enabled=&#8220;on|hover&#8220; header_text_color__hover=&#8220;#CE0F68&#8243; icon_color__hover=&#8220;#3D5214&#8243;][\/et_pb_blurb][et_pb_blurb title=&#8220;Gigaswing &#8220; use_icon=&#8220;on&#8220; font_icon=&#8220;&#xe052;||divi||400&#8243; icon_color=&#8220;#3D5214&#8243; icon_placement=&#8220;left&#8220; image_icon_width=&#8220;30px&#8220; _builder_version=&#8220;4.27.6&#8243; _module_preset=&#8220;default&#8220; header_level=&#8220;h3&#8243; header_font=&#8220;Futura Condensed||||||||&#8220; header_text_color=&#8220;#000000&#8243; header_font_size=&#8220;22px&#8220; custom_margin=&#8220;||5px||false|false&#8220; global_colors_info=&#8220;{}&#8220; icon_color__hover_enabled=&#8220;on|desktop&#8220; header_text_color__hover_enabled=&#8220;on|hover&#8220; header_text_color__hover=&#8220;#CE0F68&#8243; icon_color__hover=&#8220;#3D5214&#8243;][\/et_pb_blurb][et_pb_blurb title=&#8220;Ultrashot &#8220; use_icon=&#8220;on&#8220; font_icon=&#8220;&#xe052;||divi||400&#8243; icon_color=&#8220;#3D5214&#8243; icon_placement=&#8220;left&#8220; image_icon_width=&#8220;30px&#8220; _builder_version=&#8220;4.27.6&#8243; _module_preset=&#8220;default&#8220; header_level=&#8220;h3&#8243; header_font=&#8220;Futura Condensed||||||||&#8220; header_text_color=&#8220;#000000&#8243; header_font_size=&#8220;22px&#8220; custom_margin=&#8220;||5px||false|false&#8220; global_colors_info=&#8220;{}&#8220; icon_color__hover_enabled=&#8220;on|desktop&#8220; header_text_color__hover_enabled=&#8220;on|hover&#8220; header_text_color__hover=&#8220;#CE0F68&#8243; icon_color__hover=&#8220;#3D5214&#8243;][\/et_pb_blurb][et_pb_blurb title=&#8220;Titan RT&#8220; use_icon=&#8220;on&#8220; font_icon=&#8220;&#xe052;||divi||400&#8243; icon_color=&#8220;#3D5214&#8243; icon_placement=&#8220;left&#8220; image_icon_width=&#8220;30px&#8220; _builder_version=&#8220;4.27.6&#8243; _module_preset=&#8220;default&#8220; header_level=&#8220;h3&#8243; header_font=&#8220;Futura Condensed||||||||&#8220; header_text_color=&#8220;#000000&#8243; header_font_size=&#8220;22px&#8220; custom_margin=&#8220;||5px||false|false&#8220; global_colors_info=&#8220;{}&#8220; icon_color__hover_enabled=&#8220;on|desktop&#8220; header_text_color__hover_enabled=&#8220;on|hover&#8220; header_text_color__hover=&#8220;#CE0F68&#8243; icon_color__hover=&#8220;#3D5214&#8243;][\/et_pb_blurb][et_pb_blurb title=&#8220;Solitair&#8220; use_icon=&#8220;on&#8220; font_icon=&#8220;&#xe052;||divi||400&#8243; icon_color=&#8220;#3D5214&#8243; icon_placement=&#8220;left&#8220; image_icon_width=&#8220;30px&#8220; _builder_version=&#8220;4.27.6&#8243; _module_preset=&#8220;default&#8220; header_level=&#8220;h3&#8243; header_font=&#8220;Futura Condensed||||||||&#8220; header_text_color=&#8220;#000000&#8243; header_font_size=&#8220;22px&#8220; custom_margin=&#8220;||5px||false|false&#8220; global_colors_info=&#8220;{}&#8220; icon_color__hover_enabled=&#8220;on|desktop&#8220; header_text_color__hover_enabled=&#8220;on|hover&#8220; header_text_color__hover=&#8220;#CE0F68&#8243; icon_color__hover=&#8220;#3D5214&#8243;][\/et_pb_blurb][et_pb_blurb title=&#8220;5D-Kino&#8220; use_icon=&#8220;on&#8220; font_icon=&#8220;&#xe052;||divi||400&#8243; icon_color=&#8220;#3D5214&#8243; icon_placement=&#8220;left&#8220; image_icon_width=&#8220;30px&#8220; _builder_version=&#8220;4.27.6&#8243; _module_preset=&#8220;default&#8220; header_level=&#8220;h3&#8243; header_font=&#8220;Futura Condensed||||||||&#8220; header_text_color=&#8220;#000000&#8243; header_font_size=&#8220;22px&#8220; custom_margin=&#8220;||5px||false|false&#8220; hover_enabled=&#8220;0&#8243; global_colors_info=&#8220;{}&#8220; icon_color__hover_enabled=&#8220;on|desktop&#8220; header_text_color__hover_enabled=&#8220;on|hover&#8220; header_text_color__hover=&#8220;#CE0F68&#8243; icon_color__hover=&#8220;#3D5214&#8243; sticky_enabled=&#8220;0&#8243;][\/et_pb_blurb][\/et_pb_column][\/et_pb_row][\/et_pb_section]<\/p>\n","protected":false},"excerpt":{"rendered":"<p>Weather and the status of our events and facilities<div class=\"et_pb_module df_adh_heading df_adh_heading_0 et_animated\">\n\t\t\t\t\n\t\t\t\t\n\t\t\t\t\n\t\t\t\t\n\t\t\t\t\n\t\t\t\t\n\t\t\t\t<div class=\"et_pb_module_inner\">\n\t\t\t\t\t<div class=\"df-heading-container\">\r\n                \r\n                \r\n                <h2 class=\"df-heading\"><span class=\"prefix\">Weather<\/span>  <\/h2>\r\n                <div class=\"df-heading-divider\"><div class=\"df-divider-line\"><\/div><\/div>\r\n            <\/div>\n\t\t\t\t<\/div>\n\t\t\t<\/div><div class=\"et_pb_module df_adh_heading df_adh_heading_1 et_animated\">\n\t\t\t\t\n\t\t\t\t\n\t\t\t\t\n\t\t\t\t\n\t\t\t\t\n\t\t\t\t\n\t\t\t\t<div class=\"et_pb_module_inner\">\n\t\t\t\t\t<div class=\"df-heading-container\">\r\n                \r\n                \r\n                <h3 class=\"df-heading\"><span class=\"prefix\">&#8220;Aktueller<\/span>  <\/h3>\r\n                \r\n            <\/div>\n\t\t\t\t<\/div>\n\t\t\t<\/div><\/p>","protected":false},"author":1,"featured_media":0,"parent":0,"menu_order":0,"comment_status":"closed","ping_status":"closed","template":"","meta":{"_et_pb_use_builder":"on","_et_pb_old_content":"","_et_gb_content_width":"","footnotes":""},"difl_page_category":[],"class_list":["post-987499252","page","type-page","status-publish","hentry"],"yoast_head":"<!-- This site is optimized with the Yoast SEO plugin v27.3 - https:\/\/yoast.com\/product\/yoast-seo-wordpress\/ -->\n<title>Wetter &amp; Anlagen im \u00dcberblick | HARZDRENALIN<\/title>\n<meta name=\"description\" content=\"Aktuelles Wetter, \u00d6ffnungszeiten &amp; Anlagenstatus \u2013 alles, was du f\u00fcr dein Erlebnis bei uns wissen musst.\" \/>\n<meta name=\"robots\" content=\"index, follow, max-snippet:-1, max-image-preview:large, max-video-preview:-1\" \/>\n<link rel=\"canonical\" href=\"https:\/\/harzdrenalin.de\/en\/wetter-und-anlagen\/\" \/>\n<meta property=\"og:locale\" content=\"en_GB\" \/>\n<meta property=\"og:type\" content=\"article\" \/>\n<meta property=\"og:title\" content=\"Wetter &amp; Anlagen im \u00dcberblick | HARZDRENALIN\" \/>\n<meta property=\"og:description\" content=\"Aktuelles Wetter, \u00d6ffnungszeiten &amp; Anlagenstatus \u2013 alles, was du f\u00fcr dein Erlebnis bei uns wissen musst.\" \/>\n<meta property=\"og:url\" content=\"https:\/\/harzdrenalin.de\/en\/wetter-und-anlagen\/\" \/>\n<meta property=\"og:site_name\" content=\"harzdrenalin.de\" \/>\n<meta property=\"article:modified_time\" content=\"2026-04-13T16:09:21+00:00\" \/>\n<meta property=\"og:image\" content=\"https:\/\/app.weathercloud.net\/device\/sticker\/3575213915\" \/>\n<meta name=\"twitter:card\" content=\"summary_large_image\" \/>\n<meta name=\"twitter:label1\" content=\"Estimated reading time\" \/>\n\t<meta name=\"twitter:data1\" content=\"1 minute\" \/>\n<script type=\"application\/ld+json\" class=\"yoast-schema-graph\">{\"@context\":\"https:\\\/\\\/schema.org\",\"@graph\":[{\"@type\":\"WebPage\",\"@id\":\"https:\\\/\\\/harzdrenalin.de\\\/wetter-und-anlagen\\\/\",\"url\":\"https:\\\/\\\/harzdrenalin.de\\\/wetter-und-anlagen\\\/\",\"name\":\"Wetter & Anlagen im \u00dcberblick | HARZDRENALIN\",\"isPartOf\":{\"@id\":\"https:\\\/\\\/harzdrenalin.de\\\/#website\"},\"primaryImageOfPage\":{\"@id\":\"https:\\\/\\\/harzdrenalin.de\\\/wetter-und-anlagen\\\/#primaryimage\"},\"image\":{\"@id\":\"https:\\\/\\\/harzdrenalin.de\\\/wetter-und-anlagen\\\/#primaryimage\"},\"thumbnailUrl\":\"https:\\\/\\\/app.weathercloud.net\\\/device\\\/sticker\\\/3575213915\",\"datePublished\":\"2025-03-09T07:28:06+00:00\",\"dateModified\":\"2026-04-13T16:09:21+00:00\",\"description\":\"Aktuelles Wetter, \u00d6ffnungszeiten & Anlagenstatus \u2013 alles, was du f\u00fcr dein Erlebnis bei uns wissen musst.\",\"breadcrumb\":{\"@id\":\"https:\\\/\\\/harzdrenalin.de\\\/wetter-und-anlagen\\\/#breadcrumb\"},\"inLanguage\":\"en-GB\",\"potentialAction\":[{\"@type\":\"ReadAction\",\"target\":[\"https:\\\/\\\/harzdrenalin.de\\\/wetter-und-anlagen\\\/\"]}]},{\"@type\":\"ImageObject\",\"inLanguage\":\"en-GB\",\"@id\":\"https:\\\/\\\/harzdrenalin.de\\\/wetter-und-anlagen\\\/#primaryimage\",\"url\":\"https:\\\/\\\/app.weathercloud.net\\\/device\\\/sticker\\\/3575213915\",\"contentUrl\":\"https:\\\/\\\/app.weathercloud.net\\\/device\\\/sticker\\\/3575213915\"},{\"@type\":\"BreadcrumbList\",\"@id\":\"https:\\\/\\\/harzdrenalin.de\\\/wetter-und-anlagen\\\/#breadcrumb\",\"itemListElement\":[{\"@type\":\"ListItem\",\"position\":1,\"name\":\"Startseite\",\"item\":\"https:\\\/\\\/harzdrenalin.de\\\/\"},{\"@type\":\"ListItem\",\"position\":2,\"name\":\"Wetter und Anlagen\"}]},{\"@type\":\"WebSite\",\"@id\":\"https:\\\/\\\/harzdrenalin.de\\\/#website\",\"url\":\"https:\\\/\\\/harzdrenalin.de\\\/\",\"name\":\"Harzdrenalin - Dein Kontrastprogramm\",\"description\":\"\",\"publisher\":{\"@id\":\"https:\\\/\\\/harzdrenalin.de\\\/#organization\"},\"potentialAction\":[{\"@type\":\"SearchAction\",\"target\":{\"@type\":\"EntryPoint\",\"urlTemplate\":\"https:\\\/\\\/harzdrenalin.de\\\/?s={search_term_string}\"},\"query-input\":{\"@type\":\"PropertyValueSpecification\",\"valueRequired\":true,\"valueName\":\"search_term_string\"}}],\"inLanguage\":\"en-GB\"},{\"@type\":\"Organization\",\"@id\":\"https:\\\/\\\/harzdrenalin.de\\\/#organization\",\"name\":\"Harzdrenalin\",\"url\":\"https:\\\/\\\/harzdrenalin.de\\\/\",\"logo\":{\"@type\":\"ImageObject\",\"inLanguage\":\"en-GB\",\"@id\":\"https:\\\/\\\/harzdrenalin.de\\\/#\\\/schema\\\/logo\\\/image\\\/\",\"url\":\"https:\\\/\\\/harzdrenalin.de\\\/wp-content\\\/uploads\\\/2025\\\/02\\\/Logo.png\",\"contentUrl\":\"https:\\\/\\\/harzdrenalin.de\\\/wp-content\\\/uploads\\\/2025\\\/02\\\/Logo.png\",\"width\":300,\"height\":207,\"caption\":\"Harzdrenalin\"},\"image\":{\"@id\":\"https:\\\/\\\/harzdrenalin.de\\\/#\\\/schema\\\/logo\\\/image\\\/\"}}]}<\/script>\n<!-- \/ Yoast SEO plugin. -->","yoast_head_json":{"title":"Wetter & Anlagen im \u00dcberblick | HARZDRENALIN","description":"Aktuelles Wetter, \u00d6ffnungszeiten & Anlagenstatus \u2013 alles, was du f\u00fcr dein Erlebnis bei uns wissen musst.","robots":{"index":"index","follow":"follow","max-snippet":"max-snippet:-1","max-image-preview":"max-image-preview:large","max-video-preview":"max-video-preview:-1"},"canonical":"https:\/\/harzdrenalin.de\/en\/wetter-und-anlagen\/","og_locale":"en_GB","og_type":"article","og_title":"Wetter & Anlagen im \u00dcberblick | HARZDRENALIN","og_description":"Aktuelles Wetter, \u00d6ffnungszeiten & Anlagenstatus \u2013 alles, was du f\u00fcr dein Erlebnis bei uns wissen musst.","og_url":"https:\/\/harzdrenalin.de\/en\/wetter-und-anlagen\/","og_site_name":"harzdrenalin.de","article_modified_time":"2026-04-13T16:09:21+00:00","og_image":[{"url":"https:\/\/app.weathercloud.net\/device\/sticker\/3575213915","type":"","width":"","height":""}],"twitter_card":"summary_large_image","twitter_misc":{"Estimated reading time":"1 minute"},"schema":{"@context":"https:\/\/schema.org","@graph":[{"@type":"WebPage","@id":"https:\/\/harzdrenalin.de\/wetter-und-anlagen\/","url":"https:\/\/harzdrenalin.de\/wetter-und-anlagen\/","name":"Wetter & Anlagen im \u00dcberblick | HARZDRENALIN","isPartOf":{"@id":"https:\/\/harzdrenalin.de\/#website"},"primaryImageOfPage":{"@id":"https:\/\/harzdrenalin.de\/wetter-und-anlagen\/#primaryimage"},"image":{"@id":"https:\/\/harzdrenalin.de\/wetter-und-anlagen\/#primaryimage"},"thumbnailUrl":"https:\/\/app.weathercloud.net\/device\/sticker\/3575213915","datePublished":"2025-03-09T07:28:06+00:00","dateModified":"2026-04-13T16:09:21+00:00","description":"Aktuelles Wetter, \u00d6ffnungszeiten & Anlagenstatus \u2013 alles, was du f\u00fcr dein Erlebnis bei uns wissen musst.","breadcrumb":{"@id":"https:\/\/harzdrenalin.de\/wetter-und-anlagen\/#breadcrumb"},"inLanguage":"en-GB","potentialAction":[{"@type":"ReadAction","target":["https:\/\/harzdrenalin.de\/wetter-und-anlagen\/"]}]},{"@type":"ImageObject","inLanguage":"en-GB","@id":"https:\/\/harzdrenalin.de\/wetter-und-anlagen\/#primaryimage","url":"https:\/\/app.weathercloud.net\/device\/sticker\/3575213915","contentUrl":"https:\/\/app.weathercloud.net\/device\/sticker\/3575213915"},{"@type":"BreadcrumbList","@id":"https:\/\/harzdrenalin.de\/wetter-und-anlagen\/#breadcrumb","itemListElement":[{"@type":"ListItem","position":1,"name":"Startseite","item":"https:\/\/harzdrenalin.de\/"},{"@type":"ListItem","position":2,"name":"Wetter und Anlagen"}]},{"@type":"WebSite","@id":"https:\/\/harzdrenalin.de\/#website","url":"https:\/\/harzdrenalin.de\/","name":"Harzdrenalin - Dein Kontrastprogramm","description":"","publisher":{"@id":"https:\/\/harzdrenalin.de\/#organization"},"potentialAction":[{"@type":"SearchAction","target":{"@type":"EntryPoint","urlTemplate":"https:\/\/harzdrenalin.de\/?s={search_term_string}"},"query-input":{"@type":"PropertyValueSpecification","valueRequired":true,"valueName":"search_term_string"}}],"inLanguage":"en-GB"},{"@type":"Organization","@id":"https:\/\/harzdrenalin.de\/#organization","name":"Harzdrenalin","url":"https:\/\/harzdrenalin.de\/","logo":{"@type":"ImageObject","inLanguage":"en-GB","@id":"https:\/\/harzdrenalin.de\/#\/schema\/logo\/image\/","url":"https:\/\/harzdrenalin.de\/wp-content\/uploads\/2025\/02\/Logo.png","contentUrl":"https:\/\/harzdrenalin.de\/wp-content\/uploads\/2025\/02\/Logo.png","width":300,"height":207,"caption":"Harzdrenalin"},"image":{"@id":"https:\/\/harzdrenalin.de\/#\/schema\/logo\/image\/"}}]}},"_links":{"self":[{"href":"https:\/\/harzdrenalin.de\/en\/wp-json\/wp\/v2\/pages\/987499252","targetHints":{"allow":["GET"]}}],"collection":[{"href":"https:\/\/harzdrenalin.de\/en\/wp-json\/wp\/v2\/pages"}],"about":[{"href":"https:\/\/harzdrenalin.de\/en\/wp-json\/wp\/v2\/types\/page"}],"author":[{"embeddable":true,"href":"https:\/\/harzdrenalin.de\/en\/wp-json\/wp\/v2\/users\/1"}],"replies":[{"embeddable":true,"href":"https:\/\/harzdrenalin.de\/en\/wp-json\/wp\/v2\/comments?post=987499252"}],"version-history":[{"count":10,"href":"https:\/\/harzdrenalin.de\/en\/wp-json\/wp\/v2\/pages\/987499252\/revisions"}],"predecessor-version":[{"id":987502013,"href":"https:\/\/harzdrenalin.de\/en\/wp-json\/wp\/v2\/pages\/987499252\/revisions\/987502013"}],"wp:attachment":[{"href":"https:\/\/harzdrenalin.de\/en\/wp-json\/wp\/v2\/media?parent=987499252"}],"wp:term":[{"taxonomy":"difl_page_category","embeddable":true,"href":"https:\/\/harzdrenalin.de\/en\/wp-json\/wp\/v2\/difl_page_category?post=987499252"}],"curies":[{"name":"wp","href":"https:\/\/api.w.org\/{rel}","templated":true}]}}